{"id":36,"date":"2018-12-11T16:58:44","date_gmt":"2018-12-11T15:58:44","guid":{"rendered":"http:\/\/www.schwarzwaldverein-waldbronn.eu\/EU\/?page_id=36"},"modified":"2022-02-09T10:53:09","modified_gmt":"2022-02-09T09:53:09","slug":"wege","status":"publish","type":"page","link":"https:\/\/www.schwarzwaldverein-waldbronn.eu\/EU\/wege\/","title":{"rendered":"Wege"},"content":{"rendered":"\r\n<p><strong>WEGE GUT? ALLES GUT?<\/strong><\/p>\r\n<p><strong>Der Schwarzwaldverein Waldbronn e.V. beteiligt sich an einer Kampagne, um die Wegearbeit bekannter zu machen <\/strong><\/p>\r\n<p><strong>Neues Hinweisschild \u201eWege gut? Alles gut!\u201c leitet Wanderer und Natursport\u00adler zu Informationsseite im Internet<\/strong><\/p>\r\n<p><img loading=\"lazy\" decoding=\"async\" class=\"alignnone size-medium wp-image-1207 aligncenter\" src=\"http:\/\/www.schwarzwaldverein-waldbronn.eu\/EU\/wp-content\/uploads\/2021\/06\/WegeGut-300x300.png\" alt=\"\" width=\"300\" height=\"300\" srcset=\"https:\/\/www.schwarzwaldverein-waldbronn.eu\/EU\/wp-content\/uploads\/2021\/06\/WegeGut-300x300.png 300w, https:\/\/www.schwarzwaldverein-waldbronn.eu\/EU\/wp-content\/uploads\/2021\/06\/WegeGut-150x150.png 150w, https:\/\/www.schwarzwaldverein-waldbronn.eu\/EU\/wp-content\/uploads\/2021\/06\/WegeGut-400x400.png 400w, https:\/\/www.schwarzwaldverein-waldbronn.eu\/EU\/wp-content\/uploads\/2021\/06\/WegeGut.png 421w\" sizes=\"auto, (max-width: 300px) 100vw, 300px\" \/><\/p>\r\n<p>\u201eWege gut?\u201c fragt das Logo die Wanderer und fordert auf, die eigens einge\u00adrichtete Internetseite zu besuchen. Auf dem Schild findet sich ein QR-Code, der \u2013 vom Smartphone-Benutzer mit passender App abfotografiert &#8211; auf die In\u00adfoseite www.schwarzwaldverein.de\/wegweisend f\u00fchrt. Hier h\u00e4lt der Hauptverein in Freiburg Informationen zur Wegearbeit bereit, l\u00e4dt ein, Mitglied in einem der Ortsvereine zu werden oder seiner Zufriedenheit mit der Wegeinfrastruktur monet\u00e4r Ausdruck zu verleihen.<\/p>\r\n<p>Der im Jahr 1975 gegr\u00fcndete Schwarzwaldverein Waldbronn erhofft sich von der Kampagne mehr Ak\u00adzeptanz und neue Mitglieder, im Idealfall aber auch Mitstreiter, die sich ehrenamtlich in der Wegearbeit engagieren wollen. Denn die Markierung der Wanderwege, die der Schwarzwaldverein seit vielen Jahr\u00adzehnten als gesellschaftliche Aufgabe stemmt, dient nicht dem Hobby einiger Weniger, sondern ist im Tourismusland Baden-W\u00fcrttemberg ein echter Stand\u00adortfaktor.<\/p>\r\n<p>R\u00fcckgrat der Wegearbeit, die die rund 200 Ortsvereine des Schwarzwaldvereins im westlichen Baden-W\u00fcrttemberg leisten, sind die ehrenamtlichen Helferinnen und Helfer in den Ortsvereinen und Bezirken, die die Markierung kontrollieren, Schilder an\u00adbringen, Wege freischneiden und mit Forstamt und kommunalem Bauhof zu\u00adsammen die Wege in Schuss halten. Bei uns sind dies Karl-Heinz Ke\u00dfler, Markus M\u00fcller und Christoph Linemann.<\/p>\r\n<p>Im Wegebereich des Ortsvereins Waldbronn, der 35 Kilometer Wanderwege umfasst, sind mittlerweile 3 Rundschilder angebracht (am Rathausmarkt, bei der Reha-Klinik und im Kurpark). Diese Tafeln fragen\u00a0 die Wanderer und Natursportler: \u201eWege gut?\u201c. Wer sich selbst die Antwort \u201eAlles gut!\u201c gibt, darf sich gerne bedanken; wer das Wegesystem besser verstehen will, fragt beim Ortsverein oder schaut auf dieser Webseite nach: <a href=\"http:\/\/www.schwarzwaldverein.de\/wegweisend\">www.schwarzwaldverein.de\/wegweisend<\/a><\/p>\r\n<p>Der Schwarzwaldverein Waldbronn w\u00fcnscht allen Wanderfreundinnen und Wanderfreunden<\/p>\r\n<p>einen guten Weg und viel Spa\u00df beim Wandern, hoffentlich bald auch wieder gemeinsam in den Wandergruppen mit unserem Verein<\/p>\r\n<p>&nbsp;<\/p>\r\n<p>&nbsp;<\/p>\r\n<p><strong>Im Dezember 2005 wurde durch die Ortsgruppe Waldbronn die neue Wegemarkierung des SWV umgesetzt.<\/strong><\/p>\r\n<p>Die Beschilderung wurde aus dem Gesamt-Wege-Konzept des Hauptvereins entwickelt. Der inzwischen verstorbene Wegewart Alfons Kiecherer berichtete im Beisein des B\u00fcrgermeisters, dass daf\u00fcr 30 Stahlpf\u00e4hle neu gesetzt werden mu\u00dften. Diese Aufgabe wurde mit Unterst\u00fctzung des Bauhofs der Gemeinde Waldbronn in die Tat umgesetzt. An diesen neuen Pf\u00e4hlen wurden 105 Schilder befestigt. Die 15 Schilder fanden einen Platz an den vorhandenen Lichtmasten.<br \/>Im September 2007 wurde eine Wegevereinbarung zwischen dem SWV Waldbronn und der Kurverwaltungsgesellschaft Waldbronn geschlossen. Unterzeichnet wurde sie im Waldbronner Rathaus durch den damaligen B\u00fcrgermeister und Kurdirektor Harald Ehrler, den 2. Vorsitzenden Wilfried Knauer.<br \/>Danach betreut der SWV die Markierungszeichen auf den 35 km Wanderwegen auf Waldbronner Gemarkung. Bei diesem 35 km Wegenetz, die sich auf die Ortsteile Reichenbach, Busenbach und Etzenrot verteilen, gibt es 40 Standorte f\u00fcr die Hinweisschilder. An diesen 40 Standorten wurden insgesamt 135 Hinweisschilder angebracht. Sie bieten den Wanderern und Kurg\u00e4sten 434 Informationen \u00fcber die Wanderwege in Waldbronn sowie hin zu den angrenzenden Gemeinden.<\/p>\r\n<p>&nbsp;<\/p>\r\n<p>&nbsp;<\/p>\r\n<p>&nbsp;<\/p>\r\n<p>&nbsp;<\/p>\r\n<p>&nbsp;<\/p>\r\n<p>&nbsp;<\/p>\r\n<p style=\"font-size: 15px;\">\u00a0<\/p>\r\n","protected":false},"excerpt":{"rendered":"<div class=\"mh-excerpt\"><p>WEGE GUT? ALLES GUT? Der Schwarzwaldverein Waldbronn e.V. beteiligt sich an einer Kampagne, um die Wegearbeit bekannter zu machen Neues Hinweisschild \u201eWege gut? Alles gut!\u201c leitet Wanderer und Natursport\u00adler zu Informationsseite im Internet \u201eWege gut?\u201c <a class=\"mh-excerpt-more\" href=\"https:\/\/www.schwarzwaldverein-waldbronn.eu\/EU\/wege\/\" title=\"Wege\">[&#8230;]<\/a><\/p>\n<\/div>","protected":false},"author":1,"featured_media":0,"parent":0,"menu_order":0,"comment_status":"closed","ping_status":"closed","template":"","meta":{"_price":"","_stock":"","_tribe_ticket_header":"","_tribe_default_ticket_provider":"","_ticket_start_date":"","_ticket_end_date":"","_tribe_ticket_show_description":"","_tribe_ticket_show_not_going":false,"_tribe_ticket_use_global_stock":"","_tribe_ticket_global_stock_level":"","_global_stock_mode":"","_global_stock_cap":"","_tribe_rsvp_for_event":"","_tribe_ticket_going_count":"","_tribe_ticket_not_going_count":"","_tribe_tickets_list":"[]","_tribe_ticket_has_attendee_info_fields":false,"footnotes":"","_tec_slr_enabled":"","_tec_slr_layout":""},"class_list":["post-36","page","type-page","status-publish"],"ticketed":false,"_links":{"self":[{"href":"https:\/\/www.schwarzwaldverein-waldbronn.eu\/EU\/wp-json\/wp\/v2\/pages\/36","targetHints":{"allow":["GET"]}}],"collection":[{"href":"https:\/\/www.schwarzwaldverein-waldbronn.eu\/EU\/wp-json\/wp\/v2\/pages"}],"about":[{"href":"https:\/\/www.schwarzwaldverein-waldbronn.eu\/EU\/wp-json\/wp\/v2\/types\/page"}],"author":[{"embeddable":true,"href":"https:\/\/www.schwarzwaldverein-waldbronn.eu\/EU\/wp-json\/wp\/v2\/users\/1"}],"replies":[{"embeddable":true,"href":"https:\/\/www.schwarzwaldverein-waldbronn.eu\/EU\/wp-json\/wp\/v2\/comments?post=36"}],"version-history":[{"count":17,"href":"https:\/\/www.schwarzwaldverein-waldbronn.eu\/EU\/wp-json\/wp\/v2\/pages\/36\/revisions"}],"predecessor-version":[{"id":1299,"href":"https:\/\/www.schwarzwaldverein-waldbronn.eu\/EU\/wp-json\/wp\/v2\/pages\/36\/revisions\/1299"}],"wp:attachment":[{"href":"https:\/\/www.schwarzwaldverein-waldbronn.eu\/EU\/wp-json\/wp\/v2\/media?parent=36"}],"curies":[{"name":"wp","href":"https:\/\/api.w.org\/{rel}","templated":true}]}}